{"id":15,"date":"2024-05-28T23:24:02","date_gmt":"2024-05-28T23:24:02","guid":{"rendered":"https:\/\/www.drajoiceperosageriatra.com.br\/site\/?page_id=15"},"modified":"2025-06-16T16:05:35","modified_gmt":"2025-06-16T19:05:35","slug":"inicio","status":"publish","type":"page","link":"https:\/\/www.drajoiceperosageriatra.com.br\/site\/","title":{"rendered":"In\u00edcio"},"content":{"rendered":"<p>&nbsp;<\/p>\n<div style=\"display: none;\">\n<p>geriatria passo fundo domiciliar passo fundo, avalia\u00e7\u00e3o global do idoso em passo fundo, geriatra, Passo Fundo RS, geriatra e geriatria preventiva passo fundo<\/p>\n<h1>geriatra em Passo Fundo,\u00a0avalia\u00e7\u00e3o global do idoso passo fundo, domiciliar passo fundo,<\/h1>\n<h2>geriatra em passo fundo, geriatria passo fundo e regi\u00e3o, domiciliar passo fundo em passo fundo, geriatra venda avalia\u00e7\u00e3o global do idoso geriatria preventiva passo fundo, geriatriaem passo fundo rs, geriatra, para passo fundo e regi\u00e3o, geriatra para passo fundo e regi\u00e3o\u00a0geriatria preventiva geriatria preventiva passo fundo de geriatra em passo fundo, geriatria passo fundo e regi\u00e3o, domiciliar passo fundo em passo fundo, geriatra venda avalia\u00e7\u00e3o global do idoso geriatria preventiva passo fundo, geriatriaem passo fundo rs, geriatra,<a title=\"geriatria preventiva geriatria preventiva passo fundo de geriatra em passo fundo, geriatria passo fundo e regi\u00e3o, domiciliar passo fundo em passo fundo, geriatra venda avalia\u00e7\u00e3o global do idoso geriatria preventiva passo fundo, geriatriaem passo fundo rs, geriatra, para passo fundo e regi\u00e3o, geriatra para passo fundo e regi\u00e3o\" href=\"https:\/\/www.luiseduardourologista.com.br\">para passo fundo e regi\u00e3o, geriatra para passo fundo e regi\u00e3o\u00a0geriatria preventiva geriatria preventiva passo fundo de geriatra em passo fundo, geriatria passo fundo e regi\u00e3o, domiciliar passo fundo em passo fundo, geriatra venda avalia\u00e7\u00e3o global do idoso geriatria preventiva passo fundo, geriatriaem passo fundo rs, geriatra<\/a>, para passo fundo e regi\u00e3o, geriatra para passo fundo e regi\u00e3o\u00a0geriatria preventiva geriatria preventiva passo fundo de geriatra em passo fundo, geriatria passo fundo e regi\u00e3o, domiciliar passo fundo em passo fundo, geriatra venda avalia\u00e7\u00e3o global do idoso geriatria preventiva passo fundo, geriatriaem passo fundo rs, geriatra, para passo fundo e regi\u00e3o, geriatra para passo fundo e regi\u00e3o\u00a0geriatria preventiva geriatria preventiva passo fundo de geriatra em passo fundo, geriatria passo fundo e regi\u00e3o, domiciliar passo fundo em passo fundo, geriatra venda avalia\u00e7\u00e3o global do idoso geriatria preventiva passo fundo, geriatriaem passo fundo rs, geriatra, para passo fundo e regi\u00e3o,<a title=\"geriatria preventiva geriatria preventiva passo fundo de geriatra em passo fundo, geriatria passo fundo e regi\u00e3o, domiciliar passo fundo em passo fundo, geriatra venda avalia\u00e7\u00e3o global do idoso geriatria preventiva passo fundo, geriatriaem passo fundo rs, geriatra, para passo fundo e regi\u00e3o, geriatra para passo fundo e regi\u00e3o\" href=\"https:\/\/www.luiseduardourologista.com.br\/site\">geriatra para passo fundo e regi\u00e3o\u00a0geriatria preventiva geriatria preventiva passo fundo de geriatra em passo fundo, geriatria passo fundo e regi\u00e3o, cria\u00e7\u00e3o de sit<\/a>es em passo fundo, geriatra venda avalia\u00e7\u00e3o global do idoso geriatria preventiva passo fundo, geriatriaem passo fundo rs, geriatra, para passo fundo e regi\u00e3o, geriatra para passo fundo e regi\u00e3o<\/h2>\n<div id=\"attachment_747\" style=\"width: 353px\" class=\"wp-caption aligncenter\"><a href=\"https:\/\/www.luiseduardourologista.com.br\/site\/wp-content\/uploads\/2013\/06\/per\u00edcia-m\u00e9dica-passo-fundo-rs.jpg\"><img decoding=\"async\" aria-describedby=\"caption-attachment-747\" class=\"size-full wp-image-747 \" title=\"geriatria preventiva geriatria preventiva passo fundo de geriatra em Passo Fundo\" src=\"https:\/\/www.luiseduardourologista.com.br\/site\/wp-content\/uploads\/2013\/06\/per\u00edcia-m\u00e9dica-passo-fundo-rs.jpg\" alt=\"geriatria preventiva geriatria preventiva passo fundo de geriatra em Passo Fundo\" width=\"343\" height=\"300\"  loading=\"lazy\" \/><\/a><p id=\"caption-attachment-747\" class=\"wp-caption-text\">geriatria preventiva geriatria preventiva passo fundo de geriatra em Passo Fundo<\/p><\/div>\n<\/div>\n","protected":false},"excerpt":{"rendered":"<p>&nbsp; geriatria passo fundo domiciliar passo fundo, avalia\u00e7\u00e3o global do idoso em passo fundo, geriatra, [&hellip;]<\/p>\n","protected":false},"author":1,"featured_media":0,"parent":0,"menu_order":6,"comment_status":"closed","ping_status":"closed","template":"template-inicio.php","meta":{"footnotes":""},"class_list":["post-15","page","type-page","status-publish","hentry"],"_links":{"self":[{"href":"https:\/\/www.drajoiceperosageriatra.com.br\/site\/wp-json\/wp\/v2\/pages\/15"}],"collection":[{"href":"https:\/\/www.drajoiceperosageriatra.com.br\/site\/wp-json\/wp\/v2\/pages"}],"about":[{"href":"https:\/\/www.drajoiceperosageriatra.com.br\/site\/wp-json\/wp\/v2\/types\/page"}],"author":[{"embeddable":true,"href":"https:\/\/www.drajoiceperosageriatra.com.br\/site\/wp-json\/wp\/v2\/users\/1"}],"replies":[{"embeddable":true,"href":"https:\/\/www.drajoiceperosageriatra.com.br\/site\/wp-json\/wp\/v2\/comments?post=15"}],"version-history":[{"count":16,"href":"https:\/\/www.drajoiceperosageriatra.com.br\/site\/wp-json\/wp\/v2\/pages\/15\/revisions"}],"predecessor-version":[{"id":164,"href":"https:\/\/www.drajoiceperosageriatra.com.br\/site\/wp-json\/wp\/v2\/pages\/15\/revisions\/164"}],"wp:attachment":[{"href":"https:\/\/www.drajoiceperosageriatra.com.br\/site\/wp-json\/wp\/v2\/media?parent=15"}],"curies":[{"name":"wp","href":"https:\/\/api.w.org\/{rel}","templated":true}]}}